{"id":738,"date":"2025-11-11T16:41:28","date_gmt":"2025-11-11T16:41:28","guid":{"rendered":"https:\/\/cmpimpianti.it\/TEST\/?page_id=738"},"modified":"2025-12-18T07:54:00","modified_gmt":"2025-12-18T07:54:00","slug":"lavora-con-noi","status":"publish","type":"page","link":"https:\/\/www.cmpimpianti.it\/cmp\/lavora-con-noi\/","title":{"rendered":"LAVORA CON NOI"},"content":{"rendered":"\n<h4 class=\"wp-block-heading\">Inviaci il tuo CV:&nbsp;<a href=\"mailto:cmpimpianti@cmpimpianti.it\">cmpimpianti@cmpimpianti.it<\/a><\/h4>\n\n\n\n<h4 class=\"wp-block-heading\"><strong>INFORMATIVA PER IL TRATTAMENTO DEI DATI PERSONALI DEL CANDIDATO<\/strong><\/h4>\n\n\n\n<p>Ai sensi dell\u2019articolo 13 del GDPR 679-2016 definito \u201cGeneral Data Protection Regulation\u201d si informa che il trattamento dei dati personali forniti per la candidatura a posizioni lavorative eventualmente aperte, finalizzato unicamente ad adempiere alla Sua specifica richiesta, avverr\u00e0 presso<strong>&nbsp;CMP S.r.l<\/strong>&nbsp;con Sede Legale in Via E.F. Pimentel, 18 20127 Milano e Sede operativa e Unit\u00e0 locale in Via C. Ragazzi, 39 \u2013 44012 Bondeno (FE) P.IVA e C.F.01537970384 Tel. 0532-898212\/0532-898247 Fax. 0532-891172&nbsp;<a href=\"https:\/\/www.cmpimpianti.it\/\">www.cmpimpianti.it<\/a>&nbsp;e-mail<a href=\"mailto:info@cmpimpianti.it\">&nbsp;info@cmpimpianti.it<\/a>&nbsp;con l\u2019utilizzo di procedure anche informatizzate, nei modi e nei limiti necessari per perseguire la predetta finalit\u00e0. I dati forniti saranno trattati nel rispetto della norma sopra richiamata, rispondendo agli obblighi di riservatezza e liceit\u00e0 a cui \u00e8 ispirata la nostra societ\u00e0 e per il tempo strettamente necessario per cui sono stati raccolti che in caso di non utilizzo non superer\u00e0 i&nbsp;<strong>12 mesi<\/strong>; inoltre, i dati&nbsp;<strong>non saranno oggetto di diffusione<\/strong>. I Vostri dati, per motivi strettamente professionali, potranno essere comunicati a:<\/p>\n\n\n\n<ul class=\"wp-block-list\">\n<li>Nostri collaboratori interni regolarmente incaricati ed autorizzate.<\/li>\n\n\n\n<li>Nostri collaboratori esterni comunque da noi identificati, designati e preposti a eventuali selezioni.<\/li>\n\n\n\n<li>Consulenti del lavoro per esigenze contrattuali e fiscali.<\/li>\n<\/ul>\n\n\n\n<p><em><strong>Il consenso non \u00e8 richiesto, quando il trattamento:<\/strong><\/em><br>a) \u00e8 necessario per adempiere ad un obbligo previsto dalla legge, da un regolamento o dalla normativa comunitaria;<br>b) \u00e8 necessario per eseguire obblighi derivanti da un contratto del quale \u00e8 parte l\u2019interessato o per adempiere, prima della conclusione del contratto, a specifiche richieste dell\u2019interessato;<br>c) riguarda dati provenienti da pubblici registri, elenchi, atti o documenti conoscibili da chiunque, fermi restando i limiti e le modalit\u00e0 che le leggi, i regolamenti o la normativa comunitaria stabiliscono per la conoscibilit\u00e0 e pubblicit\u00e0 dei dati.<\/p>\n\n\n\n<p>Agli interessati sono riconosciuti i diritti di cui agli articoli 15, 16, 17, 18, 19, 20, 21 del General Data Privacy Regulation 679-2016 integralmente riportate nella Privacy policy pubblicata sul sito, rivolgendo le richieste a&nbsp;<strong>CMP S.r.l<\/strong>&nbsp;con Sede Legale in Via E.F. Pimentel, 18 20127 Milano e Sede operativa e Unit\u00e0 locale in Via C. Ragazzi, 39 \u2013 44012 Bondeno (FE) P.IVA e C.F.01537970384 Tel. 0532-898212\/0532-898247 Fax. 0532-891172&nbsp;&nbsp;<a href=\"https:\/\/www.cmpimpianti.it\/\">www.cmpimpianti.it<\/a>&nbsp;e-mail&nbsp;<a href=\"mailto:info@cmpimpianti.it\">info@cmpimpianti.it<\/a>.<\/p>\n\n\n","protected":false},"excerpt":{"rendered":"<p>Inviaci il tuo CV:&nbsp;cmpimpianti@cmpimpianti.it INFORMATIVA PER IL TRATTAMENTO DEI DATI PERSONALI DEL CANDIDATO Ai sensi dell\u2019articolo 13 del GDPR 679-2016 definito \u201cGeneral Data Protection Regulation\u201d si informa che il trattamento dei dati personali forniti per la candidatura a posizioni lavorative eventualmente aperte, finalizzato unicamente ad adempiere alla Sua specifica richiesta, avverr\u00e0 presso&nbsp;CMP S.r.l&nbsp;con Sede Legale [&hellip;]<\/p>\n","protected":false},"author":1,"featured_media":0,"parent":0,"menu_order":0,"comment_status":"closed","ping_status":"closed","template":"","meta":{"saved_in_kubio":true,"slim_seo":{"title":"Lavora con Noi in CMP Impianti: Posizioni Aperte","description":"Vuoi far parte del team CMP Impianti? Invia la tua candidatura e scopri le posizioni lavorative aperte nel settore della progettazione e realizzazione di impianti energetici."},"footnotes":""},"class_list":["post-738","page","type-page","status-publish","hentry"],"kubio_ai_page_context":{"short_desc":"","purpose":"general"},"_links":{"self":[{"href":"https:\/\/www.cmpimpianti.it\/cmp\/wp-json\/wp\/v2\/pages\/738","targetHints":{"allow":["GET"]}}],"collection":[{"href":"https:\/\/www.cmpimpianti.it\/cmp\/wp-json\/wp\/v2\/pages"}],"about":[{"href":"https:\/\/www.cmpimpianti.it\/cmp\/wp-json\/wp\/v2\/types\/page"}],"author":[{"embeddable":true,"href":"https:\/\/www.cmpimpianti.it\/cmp\/wp-json\/wp\/v2\/users\/1"}],"replies":[{"embeddable":true,"href":"https:\/\/www.cmpimpianti.it\/cmp\/wp-json\/wp\/v2\/comments?post=738"}],"version-history":[{"count":4,"href":"https:\/\/www.cmpimpianti.it\/cmp\/wp-json\/wp\/v2\/pages\/738\/revisions"}],"predecessor-version":[{"id":1448,"href":"https:\/\/www.cmpimpianti.it\/cmp\/wp-json\/wp\/v2\/pages\/738\/revisions\/1448"}],"wp:attachment":[{"href":"https:\/\/www.cmpimpianti.it\/cmp\/wp-json\/wp\/v2\/media?parent=738"}],"curies":[{"name":"wp","href":"https:\/\/api.w.org\/{rel}","templated":true}]}}